{"id":35,"date":"2021-05-16T23:45:38","date_gmt":"2021-05-16T22:45:38","guid":{"rendered":"https:\/\/exide.hr\/?page_id=35"},"modified":"2021-06-29T00:09:43","modified_gmt":"2021-06-28T23:09:43","slug":"about","status":"publish","type":"page","link":"http:\/\/acz.hr\/index.php\/blog\/home\/about\/","title":{"rendered":"O nama"},"content":{"rendered":"\n<div class=\"wp-block-cover has-background-dim\"><img fetchpriority=\"high\" decoding=\"async\" width=\"1156\" height=\"563\" class=\"wp-block-cover__image-background wp-image-107\" alt=\"\" src=\"http:\/\/acz.hr\/wp-content\/uploads\/2021\/06\/v157_1294-skala.jpeg\" data-object-fit=\"cover\" srcset=\"http:\/\/acz.hr\/wp-content\/uploads\/2021\/06\/v157_1294-skala.jpeg 1156w, http:\/\/acz.hr\/wp-content\/uploads\/2021\/06\/v157_1294-skala-800x390.jpeg 800w, http:\/\/acz.hr\/wp-content\/uploads\/2021\/06\/v157_1294-skala-300x146.jpeg 300w, http:\/\/acz.hr\/wp-content\/uploads\/2021\/06\/v157_1294-skala-1024x499.jpeg 1024w, http:\/\/acz.hr\/wp-content\/uploads\/2021\/06\/v157_1294-skala-768x374.jpeg 768w\" sizes=\"(max-width: 1156px) 100vw, 1156px\" \/><div class=\"wp-block-cover__inner-container is-layout-flow wp-block-cover-is-layout-flow\">\n<blockquote class=\"wp-block-quote is-layout-flow wp-block-quote-is-layout-flow\"><p>LET THERE BE LIGHTS<\/p><\/blockquote>\n\n\n\n<p><\/p>\n\n\n\n<p><\/p>\n<\/div><\/div>\n\n\n\n<p>Poduze\u0107e AUTO CENTAR ZAGREB osnovano je 2001. godine u suradnji sa EXIDE TECHNOLOGIES Inc. i generalni je uvoznik akumulatora EXIDE za Republiku Hrvatsku. AUTO CENTAR ZAGREB posjeduje vlastiti, moderno opremljen, poslovno skladi\u0161ni prostor u industrijskoj zoni Sesvete. Da bi kupci EXIDE akumulatora bili \u0161to kvalitetnije opskrbljeni, otvoren je novi poslovno skladi\u0161ni prostor u Rijeci, koji opskrbljuje Istru, Primorje i Gorski kotar, a u planu je i skoro otvorenje poslovnice u Splitu.<\/p>\n\n\n\n<p>Svi EXIDE proizvodi posjeduju ISO certificate i proizvedeni su po DIN normama. Dokaz kvalitete EXIDE akumulatora su certifikati njema\u010dkog Lloyda i NATO saveza.<\/p>\n\n\n\n<p>Proizvode EXIDE TECHNOLOGIES Inc. odlikuje tehni\u010dka savr\u0161enost, uporaba najkvalitetnijih materijala u samom procesu proizvodnje, pouzdanost, snaga i nadasve inovativnost.<\/p>\n\n\n\n<p>Danas je poduze\u0107e AUTO CENTAR ZAGREB vode\u0107i uvoznik akumulatora u Republici Hrvatskoj te iz dana u dan u\u010dvr\u0161\u0107uje tu poziciju.<\/p>\n","protected":false},"excerpt":{"rendered":"<p>Poduze\u0107e AUTO CENTAR ZAGREB osnovano je 2001. godine u suradnji sa EXIDE TECHNOLOGIES Inc. i generalni je uvoznik akumulatora EXIDE za Republiku [&hellip;]<\/p>\n","protected":false},"author":1,"featured_media":107,"parent":34,"menu_order":9,"comment_status":"closed","ping_status":"closed","template":"","meta":{"footnotes":""},"class_list":{"0":"post-35","1":"page","2":"type-page","3":"status-publish","4":"has-post-thumbnail","6":"col-md-12"},"_links":{"self":[{"href":"http:\/\/acz.hr\/index.php\/wp-json\/wp\/v2\/pages\/35","targetHints":{"allow":["GET"]}}],"collection":[{"href":"http:\/\/acz.hr\/index.php\/wp-json\/wp\/v2\/pages"}],"about":[{"href":"http:\/\/acz.hr\/index.php\/wp-json\/wp\/v2\/types\/page"}],"author":[{"embeddable":true,"href":"http:\/\/acz.hr\/index.php\/wp-json\/wp\/v2\/users\/1"}],"replies":[{"embeddable":true,"href":"http:\/\/acz.hr\/index.php\/wp-json\/wp\/v2\/comments?post=35"}],"version-history":[{"count":4,"href":"http:\/\/acz.hr\/index.php\/wp-json\/wp\/v2\/pages\/35\/revisions"}],"predecessor-version":[{"id":192,"href":"http:\/\/acz.hr\/index.php\/wp-json\/wp\/v2\/pages\/35\/revisions\/192"}],"up":[{"embeddable":true,"href":"http:\/\/acz.hr\/index.php\/wp-json\/wp\/v2\/pages\/34"}],"wp:featuredmedia":[{"embeddable":true,"href":"http:\/\/acz.hr\/index.php\/wp-json\/wp\/v2\/media\/107"}],"wp:attachment":[{"href":"http:\/\/acz.hr\/index.php\/wp-json\/wp\/v2\/media?parent=35"}],"curies":[{"name":"wp","href":"https:\/\/api.w.org\/{rel}","templated":true}]}}